{"id":17,"date":"2017-04-14T09:20:18","date_gmt":"2017-04-14T09:20:18","guid":{"rendered":"http:\/\/sweatandsmile.com\/?page_id=17"},"modified":"2026-03-18T12:40:16","modified_gmt":"2026-03-18T12:40:16","slug":"impressum","status":"publish","type":"page","link":"https:\/\/sweatandsmile.com\/?page_id=17","title":{"rendered":"Impressum"},"content":{"rendered":"<p>SWEAT AND SMILE\u00a0 Umz\u00fcge \u2013 Transporte<\/p>\n<p>Inh. Michael Schmid<\/p>\n<p>Kirchbergstra\u00dfe 26<\/p>\n<p>D-85402 Kranzberg<\/p>\n<p>Steuernummer: 115\/268\/80686<\/p>\n<p>Telefon +49 8166 990150<\/p>\n<p>Telefax +49 8166 990160<\/p>\n<p>Mobil +49 157 71906562<\/p>\n<p>E-Mail: bigmove@sweatandsmile.com<\/p>\n<p>www.sweatandsmile.de<\/p>\n<p>www.sweatandsmile.com<\/p>\n<p>Versicherung: Ihr Umzugs- oder Transportgut ist mit 620,- Euro pro Kubikmeter versichert. Sondereindeckung ist nach Absprache m\u00f6glich. KRAVAG-LOGISTIC Versicherungs-AG, Police Nr. 200 85 341076862.<\/p>\n<p>Urheberrecht: Die Inhalte dieser Seiten unterliegen dem Copyright von SWEAT AND SMILE. Die Vervielf\u00e4ltigung oder Verwendung dargestellter Daten ist ohne unsere ausdr\u00fcckliche Zustimmung nicht gestattet.<\/p>\n<p>Haftungshinweis: Trotz sorgf\u00e4ltiger inhaltlicher Kontrolle \u00fcbernehmen wir keine Haftung f\u00fcr die Inhalte externer Links. F\u00fcr den Inhalt der verlinkten Seiten sind ausschlie\u00dflich deren Betreiber verantwortlich.<\/p>\n","protected":false},"excerpt":{"rendered":"<p>SWEAT AND SMILE\u00a0 Umz\u00fcge \u2013 Transporte Inh. Michael Schmid Kirchbergstra\u00dfe 26 D-85402 Kranzberg Steuernummer: 115\/268\/80686 Telefon +49 8166 990150 Telefax +49 8166 990160 Mobil +49 157 71906562 E-Mail: bigmove@sweatandsmile.com www.sweatandsmile.de www.sweatandsmile.com Versicherung: Ihr Umzugs- oder Transportgut ist mit 620,- Euro pro Kubikmeter versichert. Sondereindeckung ist nach Absprache m\u00f6glich. KRAVAG-LOGISTIC Versicherungs-AG, Police Nr. 200 85 341076862. &hellip; <\/p>\n<p class=\"link-more\"><a href=\"https:\/\/sweatandsmile.com\/?page_id=17\" class=\"more-link\"><span class=\"screen-reader-text\">\u201eImpressum\u201c<\/span> weiterlesen<\/a><\/p>\n","protected":false},"author":1,"featured_media":0,"parent":0,"menu_order":0,"comment_status":"closed","ping_status":"closed","template":"","meta":[],"_links":{"self":[{"href":"https:\/\/sweatandsmile.com\/index.php?rest_route=\/wp\/v2\/pages\/17"}],"collection":[{"href":"https:\/\/sweatandsmile.com\/index.php?rest_route=\/wp\/v2\/pages"}],"about":[{"href":"https:\/\/sweatandsmile.com\/index.php?rest_route=\/wp\/v2\/types\/page"}],"author":[{"embeddable":true,"href":"https:\/\/sweatandsmile.com\/index.php?rest_route=\/wp\/v2\/users\/1"}],"replies":[{"embeddable":true,"href":"https:\/\/sweatandsmile.com\/index.php?rest_route=%2Fwp%2Fv2%2Fcomments&post=17"}],"version-history":[{"count":6,"href":"https:\/\/sweatandsmile.com\/index.php?rest_route=\/wp\/v2\/pages\/17\/revisions"}],"predecessor-version":[{"id":112,"href":"https:\/\/sweatandsmile.com\/index.php?rest_route=\/wp\/v2\/pages\/17\/revisions\/112"}],"wp:attachment":[{"href":"https:\/\/sweatandsmile.com\/index.php?rest_route=%2Fwp%2Fv2%2Fmedia&parent=17"}],"curies":[{"name":"wp","href":"https:\/\/api.w.org\/{rel}","templated":true}]}}