{"id":11,"date":"2017-04-14T09:19:48","date_gmt":"2017-04-14T09:19:48","guid":{"rendered":"http:\/\/sweatandsmile.com\/?page_id=11"},"modified":"2017-04-14T12:07:29","modified_gmt":"2017-04-14T12:07:29","slug":"selbstverstaendnis","status":"publish","type":"page","link":"https:\/\/sweatandsmile.com\/?page_id=11","title":{"rendered":"Selbstverst\u00e4ndnis"},"content":{"rendered":"<p>Respekt und Vertrauen im Umgang miteinander sind die Grundlagen unserer Firma.<\/p>\n<p>Dieser Respekt und dieses Vertrauen sind auch die Grundlagen im Umgang mit unseren Kunden.<\/p>\n<p>&nbsp;<\/p>\n<p>Fachliche Kompetenz und professionelles Auftreten sind f\u00fcr uns selbstverst\u00e4ndlich.<\/p>\n<p>Genauso selbstverst\u00e4ndlich sind Sensibilit\u00e4t und Umsicht gegen\u00fcber Menschen, M\u00f6beln und Transportgut.<\/p>\n<p>&nbsp;<\/p>\n","protected":false},"excerpt":{"rendered":"<p>Respekt und Vertrauen im Umgang miteinander sind die Grundlagen unserer Firma. Dieser Respekt und dieses Vertrauen sind auch die Grundlagen im Umgang mit unseren Kunden. &nbsp; Fachliche Kompetenz und professionelles Auftreten sind f\u00fcr uns selbstverst\u00e4ndlich. Genauso selbstverst\u00e4ndlich sind Sensibilit\u00e4t und Umsicht gegen\u00fcber Menschen, M\u00f6beln und Transportgut. &nbsp;<\/p>\n","protected":false},"author":1,"featured_media":0,"parent":0,"menu_order":0,"comment_status":"closed","ping_status":"closed","template":"","meta":[],"_links":{"self":[{"href":"https:\/\/sweatandsmile.com\/index.php?rest_route=\/wp\/v2\/pages\/11"}],"collection":[{"href":"https:\/\/sweatandsmile.com\/index.php?rest_route=\/wp\/v2\/pages"}],"about":[{"href":"https:\/\/sweatandsmile.com\/index.php?rest_route=\/wp\/v2\/types\/page"}],"author":[{"embeddable":true,"href":"https:\/\/sweatandsmile.com\/index.php?rest_route=\/wp\/v2\/users\/1"}],"replies":[{"embeddable":true,"href":"https:\/\/sweatandsmile.com\/index.php?rest_route=%2Fwp%2Fv2%2Fcomments&post=11"}],"version-history":[{"count":2,"href":"https:\/\/sweatandsmile.com\/index.php?rest_route=\/wp\/v2\/pages\/11\/revisions"}],"predecessor-version":[{"id":70,"href":"https:\/\/sweatandsmile.com\/index.php?rest_route=\/wp\/v2\/pages\/11\/revisions\/70"}],"wp:attachment":[{"href":"https:\/\/sweatandsmile.com\/index.php?rest_route=%2Fwp%2Fv2%2Fmedia&parent=11"}],"curies":[{"name":"wp","href":"https:\/\/api.w.org\/{rel}","templated":true}]}}